{"id":79,"date":"2025-01-09T15:07:44","date_gmt":"2025-01-09T15:07:44","guid":{"rendered":"https:\/\/nowa.audio-com.eu\/?page_id=79"},"modified":"2025-01-09T15:07:44","modified_gmt":"2025-01-09T15:07:44","slug":"dofinansowania","status":"publish","type":"page","link":"https:\/\/nowa.audio-com.eu\/index.php\/dofinansowania\/","title":{"rendered":"Dofinansowania"},"content":{"rendered":"\n<p>Poni\u017cej przedstawiamy Pa\u0144stwu zasady dotycz\u0105ce refundacji aparat\u00f3w s\u0142uchowych, wk\u0142adek usznych&nbsp;i system\u00f3w wspomagaj\u0105cych s\u0142yszenie przyj\u0119te przez NFZ oraz dodatkowe mo\u017cliwo\u015bci, kt\u00f3rymi dysponuj\u0105 Miejskie i Powiatowe O\u015brodki Pomocy Spo\u0142ecznej.<\/p>\n\n\n\n<h2 class=\"wp-block-heading\">Dofinansowanie NFZ<\/h2>\n\n\n\n<ol class=\"wp-block-list\">\n<li>Dzieci i m\u0142odzie\u017c w okresie wzrostu do uko\u0144czenia 26 roku \u017cycia z niepe\u0142nosprawno\u015bci\u0105 s\u0142uchow\u0105 przekraczaj\u0105c\u0105 warto\u015b\u0107 30dB:\n<ul class=\"wp-block-list\">\n<li>1 lub 2 aparaty s\u0142uchowe na przewodnictwo powietrzne raz na\u00a03 lata\u00a0zgodnie z zaleceniem lekarza laryngologa, audiologa, foniatry; 100% limitu NFZ, 1 lub 2 x 3000,00 z\u0142<\/li>\n\n\n\n<li>1 lub 2 wk\u0142adki uszne, ka\u017cdorazowo z zaleceniem lekarza laryngologa, audiologa, foniatry; 100% limitu NFZ, 1 lub 2 x 60,00 z\u0142<\/li>\n<\/ul>\n<\/li>\n\n\n\n<li>Doro\u015bli \u2013 prawo do refundacji posiadaj\u0105 wszystkie osoby z niepe\u0142nosprawno\u015bci\u0105 s\u0142uchow\u0105 2, 3 i 4 stopnia uszkodzenia s\u0142uchu (przekraczaj\u0105c\u0105 warto\u015b\u0107 40dB)<ul><li>1 lub 2 aparaty s\u0142uchowe na przewodnictwo powietrzne raz na\u00a05 lat\u00a0zgodnie z zaleceniem lekarza laryngologa, audiologa, foniatry; 70%\u00a0limitu NFZ 1 lub 2 x 1500,00 z\u0142 czyli\u00a01 lub 2 x 1050,00 z\u0142<\/li><\/ul>\n<ul class=\"wp-block-list\">\n<li>wk\u0142adki uszne\u00a01 lub 2 x 50,00 z\u0142 -100% limitu\u00a0NFZ raz na 5 lat<\/li>\n\n\n\n<li>inwalidzi wojenni, osoby represjonowane\u00a0100% limitu NFZ\u00a01 lub 2 aparaty na przewodnictwo powietrza\u00a01 lub 2 x 1500,00 z\u0142<\/li>\n<\/ul>\n<\/li>\n\n\n\n<li>Systemy wspomagaj\u0105ce s\u0142yszenie:\n<ul class=\"wp-block-list\">\n<li>refundacja dotyczy dzieci i m\u0142odzie\u017cy do uko\u0144czenia 26 roku \u017cycia w przypadku pobierania nauki,\u00a050% x 5500,00 z\u0142 = 2750,00 z\u0142, raz na\u00a05 lat<\/li>\n<\/ul>\n<\/li>\n<\/ol>\n\n\n\n<h2 class=\"wp-block-heading\">Miejskie i Powiatowe O\u015brodki Pomocy Spo\u0142ecznej<\/h2>\n\n\n\n<p>Mo\u017cliwo\u015bci dotycz\u0105ce pozyskania pieni\u0119dzy na zakup aparat\u00f3w s\u0142uchowych i urz\u0105dze\u0144 wspomagaj\u0105cych s\u0142yszenie pochodz\u0105 z Pa\u0144stwowego Funduszu Rehabilitacji Os\u00f3b Niepe\u0142nosprawnych i rozdysponowywane s\u0105 przez Miejskie i Powiatowe O\u015brodki Pomocy Spo\u0142ecznej (w zale\u017cno\u015bci od miejsca zameldowania). Pacjent mo\u017ce uzyska\u0107 dofinansowanie w ramach dw\u00f3ch program\u00f3w. Podstaw\u0105 skorzystania z tej formy dofinansowania jest orzeczenie o trwa\u0142ej lub czasowej niepe\u0142nosprawno\u015bci.<\/p>\n\n\n\n<ol class=\"wp-block-list\">\n<li>Pierwszy program, czyli \u201eZaopatrzenie os\u00f3b niepe\u0142nosprawnych w sprz\u0119t ortopedyczny i \u015brodki pomocnicze\u201d refunduje aparaty s\u0142uchowe i systemy FM. Warunki ubiegania si\u0119:\n<ul class=\"wp-block-list\">\n<li>aktualne orzeczenie stwierdzaj\u0105ce stopie\u0144 niepe\u0142nosprawno\u015bci, wydane na czas okre\u015blony lub bezterminowo;<\/li>\n\n\n\n<li>potwierdzone przez NFZ zlecenie na zakup aparatu s\u0142uchowego, wk\u0142adki usznej lub systemu FM, wydane przez lekarza specjalist\u0119;<\/li>\n\n\n\n<li>dochody (netto) na jednego cz\u0142onka w rodzinie nieprzekraczaj\u0105ce limitu ustalonego dla danego o\u015brodka;<\/li>\n\n\n\n<li>faktura lub kosztorys na zakup aparatu s\u0142uchowego, wk\u0142adki usznej lub systemu FM.<\/li>\n<\/ul>\n<\/li>\n\n\n\n<li>Drugi program \u201eLikwidacja barier w komunikowaniu si\u0119\u201d refunduje pozosta\u0142e urz\u0105dzenia wspomagaj\u0105ce s\u0142yszenie. W sk\u0142ad wchodz\u0105 mi\u0119dzy innymi aparaty telefoniczne dla niedos\u0142ysz\u0105cych, budziki \u015bwietlne, komputery, systemy alarmowe. Zasady dofinansowania:\n<ul class=\"wp-block-list\">\n<li>aktualne orzeczenie o stopniu niepe\u0142nosprawno\u015bci nadane trwale lub czasowo;<\/li>\n\n\n\n<li>dochody(netto) na jednego cz\u0142onka w rodzinie nieprzekraczaj\u0105ce limitu ustalonego dla danego o\u015brodka;<\/li>\n\n\n\n<li>wystawione przez lekarza laryngologa za\u015bwiadczenie zawieraj\u0105ce opis schorzenia i uzasadniaj\u0105ce konieczno\u015b\u0107 zakupu danego \u015brodka, kt\u00f3ry umo\u017cliwi likwidacj\u0119 bariery w komunikowaniu si\u0119;<\/li>\n\n\n\n<li>kosztorys zakupu sprz\u0119tu<\/li>\n<\/ul>\n<\/li>\n<\/ol>\n","protected":false},"excerpt":{"rendered":"<p>Poni\u017cej przedstawiamy Pa\u0144stwu zasady dotycz\u0105ce refundacji aparat\u00f3w s\u0142uchowych, wk\u0142adek usznych&nbsp;i system\u00f3w wspomagaj\u0105cych s\u0142yszenie przyj\u0119te przez NFZ oraz dodatkowe mo\u017cliwo\u015bci, kt\u00f3rymi dysponuj\u0105 Miejskie i Powiatowe O\u015brodki Pomocy Spo\u0142ecznej. Dofinansowanie NFZ Miejskie i Powiatowe O\u015brodki Pomocy Spo\u0142ecznej Mo\u017cliwo\u015bci dotycz\u0105ce pozyskania pieni\u0119dzy na zakup aparat\u00f3w s\u0142uchowych i urz\u0105dze\u0144 wspomagaj\u0105cych s\u0142yszenie pochodz\u0105 z Pa\u0144stwowego Funduszu Rehabilitacji Os\u00f3b Niepe\u0142nosprawnych i [&hellip;]<\/p>\n","protected":false},"author":1,"featured_media":0,"parent":0,"menu_order":0,"comment_status":"closed","ping_status":"closed","template":"","meta":{"footnotes":""},"class_list":["post-79","page","type-page","status-publish","hentry","entry"],"_links":{"self":[{"href":"https:\/\/nowa.audio-com.eu\/index.php\/wp-json\/wp\/v2\/pages\/79","targetHints":{"allow":["GET"]}}],"collection":[{"href":"https:\/\/nowa.audio-com.eu\/index.php\/wp-json\/wp\/v2\/pages"}],"about":[{"href":"https:\/\/nowa.audio-com.eu\/index.php\/wp-json\/wp\/v2\/types\/page"}],"author":[{"embeddable":true,"href":"https:\/\/nowa.audio-com.eu\/index.php\/wp-json\/wp\/v2\/users\/1"}],"replies":[{"embeddable":true,"href":"https:\/\/nowa.audio-com.eu\/index.php\/wp-json\/wp\/v2\/comments?post=79"}],"version-history":[{"count":1,"href":"https:\/\/nowa.audio-com.eu\/index.php\/wp-json\/wp\/v2\/pages\/79\/revisions"}],"predecessor-version":[{"id":80,"href":"https:\/\/nowa.audio-com.eu\/index.php\/wp-json\/wp\/v2\/pages\/79\/revisions\/80"}],"wp:attachment":[{"href":"https:\/\/nowa.audio-com.eu\/index.php\/wp-json\/wp\/v2\/media?parent=79"}],"curies":[{"name":"wp","href":"https:\/\/api.w.org\/{rel}","templated":true}]}}