{"id":65,"date":"2025-01-09T14:55:20","date_gmt":"2025-01-09T14:55:20","guid":{"rendered":"https:\/\/nowa.audio-com.eu\/?page_id=65"},"modified":"2025-01-09T15:26:41","modified_gmt":"2025-01-09T15:26:41","slug":"aparaty-sluchowe","status":"publish","type":"page","link":"https:\/\/nowa.audio-com.eu\/index.php\/aparaty-sluchowe\/","title":{"rendered":"Aparaty s\u0142uchowe"},"content":{"rendered":"\n<div class=\"wp-block-columns is-layout-flex wp-container-core-columns-is-layout-9d6595d7 wp-block-columns-is-layout-flex\">\n<div class=\"wp-block-column is-layout-flow wp-block-column-is-layout-flow\">\n<p><strong><strong>DOPASOWANIE APARATU S\u0141UCHOWEGO<\/strong><\/strong><\/p>\n\n\n\n<p>Ka\u017cdy aparat s\u0142uchowy dobiera si\u0119 indywidualnie bior\u0105c pod uwag\u0119 stopie\u0144 i rodzaj ubytku s\u0142uchu, tryb \u017cycia, potrzeby i preferencje pacjenta oraz jego mo\u017cliwo\u015bci finansowe.<br>Aby zapewni\u0107 najlepsze rozwi\u0105zanie istnieje mo\u017cliwo\u015b\u0107 bezp\u0142atnej konsultacji, przymiarki i<br>wypo\u017cyczenia aparatu s\u0142uchowego.<\/p>\n<\/div>\n\n\n\n<div class=\"wp-block-column is-layout-flow wp-block-column-is-layout-flow\">\n<div class=\"wp-block-group\"><div class=\"wp-block-group__inner-container is-layout-constrained wp-block-group-is-layout-constrained\">\n<div class=\"wp-block-columns are-vertically-aligned-bottom is-layout-flex wp-container-core-columns-is-layout-9d6595d7 wp-block-columns-is-layout-flex\">\n<div class=\"wp-block-column is-vertically-aligned-bottom is-layout-flow wp-block-column-is-layout-flow\" style=\"flex-basis:100%\">\n<div class=\"wp-block-group\"><div class=\"wp-block-group__inner-container is-layout-constrained wp-block-group-is-layout-constrained\">\n<div class=\"wp-block-columns is-layout-flex wp-container-core-columns-is-layout-9d6595d7 wp-block-columns-is-layout-flex\">\n<div class=\"wp-block-column is-layout-flow wp-block-column-is-layout-flow\">\n<figure class=\"wp-block-image size-large\"><img loading=\"lazy\" decoding=\"async\" width=\"1024\" height=\"1024\" src=\"http:\/\/nowa.audio-com.eu\/wp-content\/uploads\/2025\/01\/aparat1-1024x1024.jpg\" alt=\"\" class=\"wp-image-66\" srcset=\"https:\/\/nowa.audio-com.eu\/wp-content\/uploads\/2025\/01\/aparat1-1024x1024.jpg 1024w, https:\/\/nowa.audio-com.eu\/wp-content\/uploads\/2025\/01\/aparat1-300x300.jpg 300w, https:\/\/nowa.audio-com.eu\/wp-content\/uploads\/2025\/01\/aparat1-150x150.jpg 150w, https:\/\/nowa.audio-com.eu\/wp-content\/uploads\/2025\/01\/aparat1-768x768.jpg 768w, https:\/\/nowa.audio-com.eu\/wp-content\/uploads\/2025\/01\/aparat1.jpg 1536w\" sizes=\"auto, (max-width: 1024px) 100vw, 1024px\" \/><\/figure>\n<\/div>\n\n\n\n<div class=\"wp-block-column is-layout-flow wp-block-column-is-layout-flow\">\n<figure class=\"wp-block-image size-large\"><img loading=\"lazy\" decoding=\"async\" width=\"767\" height=\"1024\" src=\"http:\/\/nowa.audio-com.eu\/wp-content\/uploads\/2025\/01\/pan-aparat-767x1024.jpg\" alt=\"\" class=\"wp-image-67\" srcset=\"https:\/\/nowa.audio-com.eu\/wp-content\/uploads\/2025\/01\/pan-aparat-767x1024.jpg 767w, https:\/\/nowa.audio-com.eu\/wp-content\/uploads\/2025\/01\/pan-aparat-225x300.jpg 225w, https:\/\/nowa.audio-com.eu\/wp-content\/uploads\/2025\/01\/pan-aparat-768x1025.jpg 768w, https:\/\/nowa.audio-com.eu\/wp-content\/uploads\/2025\/01\/pan-aparat.jpg 1151w\" sizes=\"auto, (max-width: 767px) 100vw, 767px\" \/><\/figure>\n<\/div>\n<\/div>\n<\/div><\/div>\n<\/div>\n<\/div>\n<\/div><\/div>\n<\/div>\n<\/div>\n\n\n\n<div class=\"wp-block-columns is-layout-flex wp-container-core-columns-is-layout-9d6595d7 wp-block-columns-is-layout-flex\">\n<div class=\"wp-block-column is-layout-flow wp-block-column-is-layout-flow\">\n<p><\/p>\n\n\n<div class=\"wp-block-image\">\n<figure class=\"alignleft size-full\"><img loading=\"lazy\" decoding=\"async\" width=\"768\" height=\"768\" src=\"http:\/\/nowa.audio-com.eu\/wp-content\/uploads\/2025\/01\/rece.jpeg\" alt=\"\" class=\"wp-image-68\" srcset=\"https:\/\/nowa.audio-com.eu\/wp-content\/uploads\/2025\/01\/rece.jpeg 768w, https:\/\/nowa.audio-com.eu\/wp-content\/uploads\/2025\/01\/rece-300x300.jpeg 300w, https:\/\/nowa.audio-com.eu\/wp-content\/uploads\/2025\/01\/rece-150x150.jpeg 150w\" sizes=\"auto, (max-width: 768px) 100vw, 768px\" \/><\/figure>\n<\/div><\/div>\n\n\n\n<div class=\"wp-block-column is-layout-flow wp-block-column-is-layout-flow\">\n<p><strong>SERWIS GWARANCYJNY I POGWARANCYJNY<\/strong><\/p>\n\n\n\n<p>Ka\u017cdy aparat s\u0142uchowy zakupiony w naszym gabinecie ma zapewniony serwis gwarancyjny i pogwarancyjny przez okres u\u017cytkowania aparatu. Wymiana cz\u0119\u015bci eksploatacyjnych odbywa si\u0119 na miejscu a&nbsp; naprawy w autoryzowanych serwisach. Wszystkie zakupione aparaty s\u0142uchowe maj\u0105 3letni\u0105 gwarancj\u0119 producenta.<\/p>\n\n\n\n<p><strong>W naszym gabinecie zapewniamy bezp\u0142atnie:<\/strong><\/p>\n\n\n\n<ul class=\"wp-block-list\">\n<li>przegl\u0105d aparatu s\u0142uchowego<\/li>\n\n\n\n<li>czyszczenie aparatu s\u0142uchowego<\/li>\n\n\n\n<li>regulacj\u0119 aparatu s\u0142uchowego wg potrzeb<\/li>\n\n\n\n<li>porady dotycz\u0105ce u\u017cytkowania<\/li>\n<\/ul>\n<\/div>\n<\/div>\n\n\n\n<figure class=\"wp-block-image size-full\"><img loading=\"lazy\" decoding=\"async\" width=\"945\" height=\"278\" src=\"http:\/\/nowa.audio-com.eu\/wp-content\/uploads\/2025\/01\/aparaty111.png\" alt=\"\" class=\"wp-image-70\" srcset=\"https:\/\/nowa.audio-com.eu\/wp-content\/uploads\/2025\/01\/aparaty111.png 945w, https:\/\/nowa.audio-com.eu\/wp-content\/uploads\/2025\/01\/aparaty111-300x88.png 300w, https:\/\/nowa.audio-com.eu\/wp-content\/uploads\/2025\/01\/aparaty111-768x226.png 768w\" sizes=\"auto, (max-width: 945px) 100vw, 945px\" \/><\/figure>\n\n\n\n<div class=\"wp-block-columns is-layout-flex wp-container-core-columns-is-layout-9d6595d7 wp-block-columns-is-layout-flex\">\n<div class=\"wp-block-column is-layout-flow wp-block-column-is-layout-flow\">\n<p><strong>Wk\u0142adki uszne<\/strong><\/p>\n\n\n\n<p>wykonuje si\u0119 na podstawie wycisku ucha i maj\u0105 niepowtarzalny kszta\u0142t. Wk\u0142adki mog\u0105 by\u0107 wykonane z twardego b\u0105d\u017a mi\u0119kkiego materia\u0142u. Zadanie ich polega na prawid\u0142owym utrzymaniu aparatu na uchu.<\/p>\n<\/div>\n\n\n\n<div class=\"wp-block-column is-layout-flow wp-block-column-is-layout-flow\">\n<div class=\"wp-block-columns is-layout-flex wp-container-core-columns-is-layout-9d6595d7 wp-block-columns-is-layout-flex\">\n<div class=\"wp-block-column is-layout-flow wp-block-column-is-layout-flow\"><div class=\"wp-block-image\">\n<figure class=\"alignleft size-full\"><img loading=\"lazy\" decoding=\"async\" width=\"300\" height=\"200\" src=\"http:\/\/nowa.audio-com.eu\/wp-content\/uploads\/2025\/01\/w3.jpg\" alt=\"\" class=\"wp-image-73\"\/><\/figure>\n<\/div><\/div>\n\n\n\n<div class=\"wp-block-column is-layout-flow wp-block-column-is-layout-flow\"><div class=\"wp-block-image\">\n<figure class=\"alignright size-full\"><img loading=\"lazy\" decoding=\"async\" width=\"300\" height=\"200\" src=\"http:\/\/nowa.audio-com.eu\/wp-content\/uploads\/2025\/01\/w1.jpg\" alt=\"\" class=\"wp-image-71\"\/><\/figure>\n<\/div><\/div>\n<\/div>\n<\/div>\n<\/div>\n\n\n\n<div class=\"wp-block-columns is-layout-flex wp-container-core-columns-is-layout-9d6595d7 wp-block-columns-is-layout-flex\">\n<div class=\"wp-block-column is-layout-flow wp-block-column-is-layout-flow\"><div class=\"wp-block-image\">\n<figure class=\"aligncenter size-full\"><img loading=\"lazy\" decoding=\"async\" width=\"768\" height=\"512\" src=\"http:\/\/nowa.audio-com.eu\/wp-content\/uploads\/2025\/01\/wkladki.jpg\" alt=\"\" class=\"wp-image-74\" srcset=\"https:\/\/nowa.audio-com.eu\/wp-content\/uploads\/2025\/01\/wkladki.jpg 768w, https:\/\/nowa.audio-com.eu\/wp-content\/uploads\/2025\/01\/wkladki-300x200.jpg 300w, https:\/\/nowa.audio-com.eu\/wp-content\/uploads\/2025\/01\/wkladki-360x240.jpg 360w\" sizes=\"auto, (max-width: 768px) 100vw, 768px\" \/><\/figure>\n<\/div><\/div>\n\n\n\n<div class=\"wp-block-column is-layout-flow wp-block-column-is-layout-flow\">\n<p><strong>Wk\u0142adki <\/strong><\/p>\n\n\n\n<ul class=\"wp-block-list\">\n<li><strong>przeciwha\u0142asowe&nbsp;<\/strong>pe\u0142ni\u0105 funkcj\u0119 ochronn\u0105 przed ekspozycj\u0105 na ha\u0142as. S\u0105 produktem certyfikowanym, zachowuj\u0105 mo\u017cliwo\u015b\u0107 komunikacji.<\/li>\n<\/ul>\n\n\n\n<ul class=\"wp-block-list\">\n<li><strong> przeciwwodne<\/strong>&nbsp;s\u0105 u\u017cywane przez p\u0142ywak\u00f3w oraz osoby z perforacj\u0105 b\u0142ony b\u0119benkowej przy k\u0105pieli, myciu w\u0142os\u00f3w itp. \u2013 zapewniaj\u0105 doskona\u0142\u0105 szczelno\u015b\u0107.<\/li>\n<\/ul>\n<\/div>\n<\/div>\n\n\n\n<div class=\"wp-block-columns is-layout-flex wp-container-core-columns-is-layout-9d6595d7 wp-block-columns-is-layout-flex\">\n<div class=\"wp-block-column is-layout-flow wp-block-column-is-layout-flow\">\n<p><strong>Systemy FM<\/strong><\/p>\n\n\n\n<p>Systemy wspomagaj\u0105ce s\u0142yszenie to urz\u0105dzenia wykorzystywane najcz\u0119\u015bciej w szko\u0142ach, podczas szkole\u0144, w restauracjach, biurach. Pozwalaj\u0105 one na uzyskanie lepszego zrozumienia mowy u os\u00f3b nosz\u0105cych aparaty s\u0142uchowe. System sk\u0142ada si\u0119 z nadajnika z mikrofonem i odbiornika wsp\u00f3\u0142pracuj\u0105cego z aparatem s\u0142uchowym.<\/p>\n<\/div>\n\n\n\n<div class=\"wp-block-column is-layout-flow wp-block-column-is-layout-flow\">\n<figure class=\"wp-block-image size-full is-resized\"><img loading=\"lazy\" decoding=\"async\" width=\"300\" height=\"204\" src=\"http:\/\/nowa.audio-com.eu\/wp-content\/uploads\/2025\/01\/fm.png\" alt=\"\" class=\"wp-image-77\" style=\"width:408px;height:auto\"\/><\/figure>\n<\/div>\n<\/div>\n\n\n\n<p><\/p>\n","protected":false},"excerpt":{"rendered":"<p>DOPASOWANIE APARATU S\u0141UCHOWEGO Ka\u017cdy aparat s\u0142uchowy dobiera si\u0119 indywidualnie bior\u0105c pod uwag\u0119 stopie\u0144 i rodzaj ubytku s\u0142uchu, tryb \u017cycia, potrzeby i preferencje pacjenta oraz jego mo\u017cliwo\u015bci finansowe.Aby zapewni\u0107 najlepsze rozwi\u0105zanie istnieje mo\u017cliwo\u015b\u0107 bezp\u0142atnej konsultacji, przymiarki iwypo\u017cyczenia aparatu s\u0142uchowego. SERWIS GWARANCYJNY I POGWARANCYJNY Ka\u017cdy aparat s\u0142uchowy zakupiony w naszym gabinecie ma zapewniony serwis gwarancyjny i pogwarancyjny [&hellip;]<\/p>\n","protected":false},"author":1,"featured_media":0,"parent":0,"menu_order":0,"comment_status":"closed","ping_status":"closed","template":"","meta":{"footnotes":""},"class_list":["post-65","page","type-page","status-publish","hentry","entry"],"_links":{"self":[{"href":"https:\/\/nowa.audio-com.eu\/index.php\/wp-json\/wp\/v2\/pages\/65","targetHints":{"allow":["GET"]}}],"collection":[{"href":"https:\/\/nowa.audio-com.eu\/index.php\/wp-json\/wp\/v2\/pages"}],"about":[{"href":"https:\/\/nowa.audio-com.eu\/index.php\/wp-json\/wp\/v2\/types\/page"}],"author":[{"embeddable":true,"href":"https:\/\/nowa.audio-com.eu\/index.php\/wp-json\/wp\/v2\/users\/1"}],"replies":[{"embeddable":true,"href":"https:\/\/nowa.audio-com.eu\/index.php\/wp-json\/wp\/v2\/comments?post=65"}],"version-history":[{"count":7,"href":"https:\/\/nowa.audio-com.eu\/index.php\/wp-json\/wp\/v2\/pages\/65\/revisions"}],"predecessor-version":[{"id":164,"href":"https:\/\/nowa.audio-com.eu\/index.php\/wp-json\/wp\/v2\/pages\/65\/revisions\/164"}],"wp:attachment":[{"href":"https:\/\/nowa.audio-com.eu\/index.php\/wp-json\/wp\/v2\/media?parent=65"}],"curies":[{"name":"wp","href":"https:\/\/api.w.org\/{rel}","templated":true}]}}