{"id":2,"date":"2024-12-04T08:24:30","date_gmt":"2024-12-04T08:24:30","guid":{"rendered":"http:\/\/instalatorwp671.dkonto.pl\/?page_id=2"},"modified":"2025-01-09T18:29:22","modified_gmt":"2025-01-09T18:29:22","slug":"sample-page","status":"publish","type":"page","link":"https:\/\/nowa.audio-com.eu\/","title":{"rendered":"O nas"},"content":{"rendered":"\n<div class=\"wp-block-columns is-layout-flex wp-container-core-columns-is-layout-9d6595d7 wp-block-columns-is-layout-flex\">\n<div class=\"wp-block-column is-layout-flow wp-block-column-is-layout-flow\">\n<figure class=\"wp-block-image size-large\"><img loading=\"lazy\" decoding=\"async\" width=\"1024\" height=\"681\" src=\"http:\/\/nowa.audio-com.eu\/wp-content\/uploads\/2025\/01\/IMGP6254-1-1024x681.jpg\" alt=\"\" class=\"wp-image-29\" srcset=\"https:\/\/nowa.audio-com.eu\/wp-content\/uploads\/2025\/01\/IMGP6254-1-1024x681.jpg 1024w, https:\/\/nowa.audio-com.eu\/wp-content\/uploads\/2025\/01\/IMGP6254-1-300x199.jpg 300w, https:\/\/nowa.audio-com.eu\/wp-content\/uploads\/2025\/01\/IMGP6254-1-768x511.jpg 768w, https:\/\/nowa.audio-com.eu\/wp-content\/uploads\/2025\/01\/IMGP6254-1-1536x1021.jpg 1536w, https:\/\/nowa.audio-com.eu\/wp-content\/uploads\/2025\/01\/IMGP6254-1-2048x1362.jpg 2048w, https:\/\/nowa.audio-com.eu\/wp-content\/uploads\/2025\/01\/IMGP6254-1-360x240.jpg 360w\" sizes=\"auto, (max-width: 1024px) 100vw, 1024px\" \/><\/figure>\n<\/div>\n\n\n\n<div class=\"wp-block-column is-layout-flow wp-block-column-is-layout-flow\">\n<p>Firma Audio-com powsta\u0142a w 2000 roku. Od tego czasu zajmujemy si\u0119 kompleksowo obs\u0142ug\u0105 os\u00f3b \u017ale s\u0142ysz\u0105cych. Jeste\u015bmy dyplomowanymi protetykami s\u0142uchu i nieustannie podnosimy swoje kwalifikacje. Wiedza, wieloletnie do\u015bwiadczenie oraz indywidualne podej\u015bcie to co\u015b, co jest obecne w naszej codziennej pracy.<\/p>\n<\/div>\n<\/div>\n\n\n\n<div class=\"wp-block-columns is-layout-flex wp-container-core-columns-is-layout-9d6595d7 wp-block-columns-is-layout-flex\">\n<div class=\"wp-block-column is-layout-flow wp-block-column-is-layout-flow\">\n<p><em><strong>Zakres us\u0142ug:<\/strong><\/em><\/p>\n\n\n\n<ul class=\"wp-block-list\">\n<li>badania s\u0142uchu<\/li>\n\n\n\n<li>dopasowanie aparat\u00f3w s\u0142uchowych<\/li>\n\n\n\n<li>serwis gwarancyjny i pogwarancyjny<\/li>\n\n\n\n<li>wk\u0142adki uszne<\/li>\n\n\n\n<li>ochronniki dla p\u0142ywak\u00f3w<\/li>\n\n\n\n<li>wk\u0142adki przeciwha\u0142asowe<\/li>\n\n\n\n<li>systemy FM<\/li>\n\n\n\n<li>baterie<\/li>\n\n\n\n<li>akcesoria<\/li>\n<\/ul>\n<\/div>\n\n\n\n<div class=\"wp-block-column is-layout-flow wp-block-column-is-layout-flow\">\n<figure class=\"wp-block-image size-large\"><img loading=\"lazy\" decoding=\"async\" width=\"1024\" height=\"768\" src=\"http:\/\/nowa.audio-com.eu\/wp-content\/uploads\/2025\/01\/audio-com-1024x768.jpeg\" alt=\"\" class=\"wp-image-28\" srcset=\"https:\/\/nowa.audio-com.eu\/wp-content\/uploads\/2025\/01\/audio-com-1024x768.jpeg 1024w, https:\/\/nowa.audio-com.eu\/wp-content\/uploads\/2025\/01\/audio-com-300x225.jpeg 300w, https:\/\/nowa.audio-com.eu\/wp-content\/uploads\/2025\/01\/audio-com-768x576.jpeg 768w, https:\/\/nowa.audio-com.eu\/wp-content\/uploads\/2025\/01\/audio-com.jpeg 1536w\" sizes=\"auto, (max-width: 1024px) 100vw, 1024px\" \/><\/figure>\n<\/div>\n<\/div>\n\n\n\n<p><strong>Badania s\u0142uchu \u2013 dlaczego s\u0105 wa\u017cne?<\/strong><\/p>\n\n\n\n<p>S\u0142uch odgrywa kluczow\u0105 rol\u0119 w naszym codziennym \u017cyciu. Umo\u017cliwia komunikacj\u0119, odbi\u00f3r d\u017awi\u0119k\u00f3w otoczenia i wp\u0142ywa na jako\u015b\u0107 \u017cycia. Niestety, problemy ze s\u0142uchem mog\u0105 rozwija\u0107 si\u0119 stopniowo, dlatego regularne badania s\u0142uchu s\u0105 niezwykle istotne, aby zachowa\u0107 zdrowie i komfort \u017cycia.<\/p>\n\n\n\n<hr class=\"wp-block-separator has-alpha-channel-opacity\"\/>\n\n\n\n<h3 class=\"wp-block-heading\"><strong>Czym s\u0105 badania s\u0142uchu?<\/strong><\/h3>\n\n\n\n<p>Badania s\u0142uchu to specjalistyczne procedury, kt\u00f3re pozwalaj\u0105 oceni\u0107 stan narz\u0105du s\u0142uchu. Mog\u0105 one diagnozowa\u0107 r\u00f3\u017cne stopnie ubytku s\u0142uchu, od lekkiego do g\u0142\u0119bokiego, a tak\u017ce identyfikowa\u0107 przyczyny problem\u00f3w, takich jak:<\/p>\n\n\n\n<ul class=\"wp-block-list\">\n<li>Nagromadzenie woskowiny.<\/li>\n\n\n\n<li>Infekcje ucha.<\/li>\n\n\n\n<li>Urazy mechaniczne.<\/li>\n\n\n\n<li>Wp\u0142yw ha\u0142asu lub starzenie si\u0119 organizmu.<\/li>\n<\/ul>\n\n\n\n<hr class=\"wp-block-separator has-alpha-channel-opacity\"\/>\n\n\n\n<h3 class=\"wp-block-heading\"><strong>Kiedy warto wykona\u0107 badanie s\u0142uchu?<\/strong><\/h3>\n\n\n\n<p>Regularne badania s\u0142uchu s\u0105 zalecane szczeg\u00f3lnie w nast\u0119puj\u0105cych sytuacjach:<\/p>\n\n\n\n<ol class=\"wp-block-list\">\n<li><strong>Pogorszenie jako\u015bci s\u0142yszenia<\/strong>: Je\u015bli masz trudno\u015bci z rozumieniem rozm\u00f3w, szczeg\u00f3lnie w ha\u0142a\u015bliwym otoczeniu.<\/li>\n\n\n\n<li><strong>Tinnitus (szumy uszne)<\/strong>: Sta\u0142e dzwonienie, szumy lub inne d\u017awi\u0119ki w uszach.<\/li>\n\n\n\n<li><strong>Cz\u0119ste pytanie o powt\u00f3rzenie<\/strong>: Je\u015bli cz\u0119sto prosisz rozm\u00f3wc\u00f3w o powt\u00f3rzenie, mo\u017ce to by\u0107 znak problem\u00f3w ze s\u0142uchem.<\/li>\n\n\n\n<li><strong>Ekspozycja na ha\u0142as<\/strong>: Osoby pracuj\u0105ce w ha\u0142a\u015bliwym \u015brodowisku powinny bada\u0107 s\u0142uch regularnie.<\/li>\n\n\n\n<li><strong>Osoby powy\u017cej 50 roku \u017cycia<\/strong>: Naturalne procesy starzenia mog\u0105 prowadzi\u0107 do stopniowej utraty s\u0142uchu.<\/li>\n<\/ol>\n\n\n\n<hr class=\"wp-block-separator has-alpha-channel-opacity\"\/>\n\n\n\n<h3 class=\"wp-block-heading\"><strong>Jak przebiega badanie s\u0142uchu?<\/strong><\/h3>\n\n\n\n<ol class=\"wp-block-list\">\n<li><strong>Wywiad medyczny<\/strong>: Specjalista pyta o objawy, histori\u0119 zdrowotn\u0105 oraz nara\u017cenie na czynniki ryzyka.<\/li>\n\n\n\n<li><strong>Badanie otoskopowe<\/strong>: Lekarz ocenia stan kana\u0142u s\u0142uchowego i b\u0142ony b\u0119benkowej.<\/li>\n\n\n\n<li><strong>Audiometria tonalna<\/strong>: Test polega na ods\u0142uchiwaniu d\u017awi\u0119k\u00f3w o r\u00f3\u017cnej cz\u0119stotliwo\u015bci i g\u0142o\u015bno\u015bci, aby okre\u015bli\u0107 pr\u00f3g s\u0142yszalno\u015bci.<\/li>\n\n\n\n<li><strong>Tympanometria<\/strong>: Ocena funkcji ucha \u015brodkowego i ruchomo\u015bci b\u0142ony b\u0119benkowej.<\/li>\n\n\n\n<li><strong>Badania dodatkowe<\/strong> (w razie potrzeby): Testy s\u0142uchu kierunkowego, badania otoemisji akustycznych (OAE) lub potencja\u0142\u00f3w wywo\u0142anych s\u0142uchowo.<\/li>\n<\/ol>\n\n\n\n<hr class=\"wp-block-separator has-alpha-channel-opacity\"\/>\n\n\n\n<h3 class=\"wp-block-heading\"><strong>Dlaczego warto regularnie bada\u0107 s\u0142uch?<\/strong><\/h3>\n\n\n\n<ol class=\"wp-block-list\">\n<li><strong>Wczesne wykrycie problem\u00f3w<\/strong>: Regularne kontrole pozwalaj\u0105 na szybkie zdiagnozowanie problem\u00f3w i wdro\u017cenie leczenia.<\/li>\n\n\n\n<li><strong>Poprawa jako\u015bci \u017cycia<\/strong>: Dobra diagnoza i odpowiednia terapia, np. aparaty s\u0142uchowe, pozwalaj\u0105 na aktywne uczestnictwo w \u017cyciu spo\u0142ecznym.<\/li>\n\n\n\n<li><strong>Zapobieganie pogorszeniu s\u0142uchu<\/strong>: Wczesne dzia\u0142ania mog\u0105 zahamowa\u0107 rozw\u00f3j powa\u017cniejszych zaburze\u0144.<\/li>\n\n\n\n<li><strong>Zdrowie psychiczne<\/strong>: Utrata s\u0142uchu cz\u0119sto wi\u0105\u017ce si\u0119 z izolacj\u0105 spo\u0142eczn\u0105 i ryzykiem depresji. W\u0142a\u015bciwa diagnoza temu zapobiega.<\/li>\n<\/ol>\n\n\n\n<hr class=\"wp-block-separator has-alpha-channel-opacity\"\/>\n\n\n\n<h3 class=\"wp-block-heading\"><strong>Podsumowanie<\/strong><\/h3>\n\n\n\n<p>Badanie s\u0142uchu to prosty, bezbolesny i niezwykle skuteczny spos\u00f3b na ocen\u0119 zdrowia narz\u0105du s\u0142uchu. Regularne kontrole pomagaj\u0105 w wykryciu problem\u00f3w na wczesnym etapie, co zwi\u0119ksza skuteczno\u015b\u0107 leczenia i poprawia jako\u015b\u0107 \u017cycia. Je\u015bli zauwa\u017casz u siebie lub bliskich jakiekolwiek objawy pogorszenia s\u0142uchu, nie zwlekaj \u2013 skonsultuj si\u0119 ze specjalist\u0105 i wykonaj badanie!<\/p>\n","protected":false},"excerpt":{"rendered":"<p>Firma Audio-com powsta\u0142a w 2000 roku. Od tego czasu zajmujemy si\u0119 kompleksowo obs\u0142ug\u0105 os\u00f3b \u017ale s\u0142ysz\u0105cych. Jeste\u015bmy dyplomowanymi protetykami s\u0142uchu i nieustannie podnosimy swoje kwalifikacje. Wiedza, wieloletnie do\u015bwiadczenie oraz indywidualne podej\u015bcie to co\u015b, co jest obecne w naszej codziennej pracy. Zakres us\u0142ug: Badania s\u0142uchu \u2013 dlaczego s\u0105 wa\u017cne? S\u0142uch odgrywa kluczow\u0105 rol\u0119 w naszym codziennym [&hellip;]<\/p>\n","protected":false},"author":1,"featured_media":0,"parent":0,"menu_order":0,"comment_status":"closed","ping_status":"open","template":"","meta":{"footnotes":""},"class_list":["post-2","page","type-page","status-publish","hentry","entry"],"_links":{"self":[{"href":"https:\/\/nowa.audio-com.eu\/index.php\/wp-json\/wp\/v2\/pages\/2","targetHints":{"allow":["GET"]}}],"collection":[{"href":"https:\/\/nowa.audio-com.eu\/index.php\/wp-json\/wp\/v2\/pages"}],"about":[{"href":"https:\/\/nowa.audio-com.eu\/index.php\/wp-json\/wp\/v2\/types\/page"}],"author":[{"embeddable":true,"href":"https:\/\/nowa.audio-com.eu\/index.php\/wp-json\/wp\/v2\/users\/1"}],"replies":[{"embeddable":true,"href":"https:\/\/nowa.audio-com.eu\/index.php\/wp-json\/wp\/v2\/comments?post=2"}],"version-history":[{"count":3,"href":"https:\/\/nowa.audio-com.eu\/index.php\/wp-json\/wp\/v2\/pages\/2\/revisions"}],"predecessor-version":[{"id":64,"href":"https:\/\/nowa.audio-com.eu\/index.php\/wp-json\/wp\/v2\/pages\/2\/revisions\/64"}],"wp:attachment":[{"href":"https:\/\/nowa.audio-com.eu\/index.php\/wp-json\/wp\/v2\/media?parent=2"}],"curies":[{"name":"wp","href":"https:\/\/api.w.org\/{rel}","templated":true}]}}